{"id":680,"date":"2026-01-26T16:49:12","date_gmt":"2026-01-26T16:49:12","guid":{"rendered":"https:\/\/convert24.co\/terms-of-subscription\/"},"modified":"2026-03-11T16:27:33","modified_gmt":"2026-03-11T16:27:33","slug":"terms_of_subscription","status":"publish","type":"page","link":"https:\/\/convert24.co\/es\/terms_of_subscription\/","title":{"rendered":"T\u00e9rminos de la suscripci\u00f3n"},"content":{"rendered":"\t\t<div data-elementor-type=\"wp-page\" data-elementor-id=\"680\" class=\"elementor elementor-680 elementor-207\">\n\t\t\t\t<div class=\"elementor-element elementor-element-2f87402a e-flex e-con-boxed e-con e-parent\" data-id=\"2f87402a\" data-element_type=\"container\" data-e-type=\"container\">\n\t\t\t\t\t<div class=\"e-con-inner\">\n\t\t\t\t<div class=\"elementor-element elementor-element-316cfb68 elementor-widget elementor-widget-text-editor\" data-id=\"316cfb68\" data-element_type=\"widget\" data-e-type=\"widget\" data-widget_type=\"text-editor.default\">\n\t\t\t\t\t\t\t\t\t<p data-start=\"399\" data-end=\"419\">\u00daltima actualizaci\u00f3n: 2026<\/p><p data-start=\"421\" data-end=\"614\">Estos T\u00e9rminos de Suscripci\u00f3n rigen todas las suscripciones de pago y el acceso de prueba a los servicios proporcionados por Digital24 (\u201cCompa\u00f1\u00eda\u201d, \u201cnosotros\u201d, \u201cnuestro\u201d) a trav\u00e9s de <a class=\"decorated-link\" href=\"https:\/\/website.co\" target=\"_new\" rel=\"noopener\" data-start=\"579\" data-end=\"597\">https:\/\/convert24.co<\/a> (el \u201cServicio\u201d).<\/p><p data-start=\"616\" data-end=\"747\">Al adquirir una prueba o suscripci\u00f3n, aceptas estos T\u00e9rminos de Suscripci\u00f3n, adem\u00e1s de nuestros T\u00e9rminos de Servicio y Pol\u00edtica de Reembolso.<\/p><hr data-start=\"749\" data-end=\"752\"><h2 data-start=\"754\" data-end=\"787\">1. Descripci\u00f3n de la suscripci\u00f3n<\/h2><p data-start=\"789\" data-end=\"920\">El Servicio se proporciona mediante una suscripci\u00f3n y otorga acceso a herramientas de conversi\u00f3n de archivos digitales y funciones relacionadas, que incluyen:<\/p><ul data-start=\"922\" data-end=\"1014\"><li data-start=\"922\" data-end=\"955\"><p data-start=\"924\" data-end=\"955\">Funcionalidad de conversi\u00f3n de archivos<\/p><\/li><li data-start=\"956\" data-end=\"984\"><p data-start=\"958\" data-end=\"984\">Herramientas de gesti\u00f3n de la cuenta<\/p><\/li><li data-start=\"985\" data-end=\"1014\"><p data-start=\"987\" data-end=\"1014\">Atenci\u00f3n al cliente por correo electr\u00f3nico<\/p><\/li><\/ul><hr data-start=\"1016\" data-end=\"1019\"><h2 data-start=\"1021\" data-end=\"1037\">2. Prueba de pago<\/h2><p data-start=\"1039\" data-end=\"1071\">Ofrecemos una <strong data-start=\"1050\" data-end=\"1070\">prueba de pago de 7 d\u00edas<\/strong>.<\/p><p data-start=\"1073\" data-end=\"1165\">Al iniciar la prueba, aceptas que se te cobre la tarifa de prueba que se muestra en la p\u00e1gina de pago.<\/p><p data-start=\"1167\" data-end=\"1267\">La prueba proporciona acceso temporal al Servicio en las mismas condiciones que una suscripci\u00f3n de pago.<\/p><hr data-start=\"1269\" data-end=\"1272\"><h2 data-start=\"1274\" data-end=\"1319\">3. Renovaci\u00f3n autom\u00e1tica y facturaci\u00f3n recurrente<\/h2><p data-start=\"1321\" data-end=\"1489\">A menos que se cancele antes del final del per\u00edodo de prueba, tu prueba se convertir\u00e1 autom\u00e1ticamente en una suscripci\u00f3n mensual de pago al precio que se muestra en la p\u00e1gina de pago.<\/p><p data-start=\"1491\" data-end=\"1603\">Al suscribirte, autorizas expresamente a <b>Digital24<\/b> a cargar autom\u00e1ticamente a tu m\u00e9todo de pago seleccionado:<\/p><ul data-start=\"1605\" data-end=\"1690\"><li data-start=\"1605\" data-end=\"1644\"><p data-start=\"1607\" data-end=\"1644\">Al final del per\u00edodo de prueba, y<\/p><\/li><li data-start=\"1645\" data-end=\"1690\"><p data-start=\"1647\" data-end=\"1690\">En cada ciclo de facturaci\u00f3n mensual posterior,<\/p><\/li><\/ul><p data-start=\"1692\" data-end=\"1727\">hasta que canceles tu suscripci\u00f3n.<\/p><p data-start=\"1729\" data-end=\"1790\">Esto constituye tu consentimiento expl\u00edcito para la facturaci\u00f3n recurrente.<\/p><hr data-start=\"1792\" data-end=\"1795\"><h2 data-start=\"1797\" data-end=\"1833\">4. Precios y procesamiento de pagos<\/h2><p data-start=\"1835\" data-end=\"1924\">Todos los precios se muestran en la p\u00e1gina de pago y se indican en euros, a menos que se indique lo contrario.<\/p><p data-start=\"1926\" data-end=\"1972\">Los pagos se procesan de forma segura mediante <strong data-start=\"1961\" data-end=\"1971\">Stripe<\/strong>.<\/p><p data-start=\"1974\" data-end=\"2027\">No almacenamos ni procesamos los datos completos de las tarjetas de pago.<\/p><p data-start=\"2029\" data-end=\"2073\">Todas las tarifas de suscripci\u00f3n se facturan por adelantado.<\/p><hr data-start=\"2075\" data-end=\"2078\"><h2 data-start=\"2080\" data-end=\"2109\">5. Pagos no reembolsables<\/h2><p data-start=\"2111\" data-end=\"2207\">Todos los pagos <strong data-start=\"2128\" data-end=\"2146\">no son reembolsables<\/strong>, excepto cuando lo exija la ley de protecci\u00f3n del consumidor obligatoria.<\/p><p data-start=\"2209\" data-end=\"2241\">No se proporcionar\u00e1n reembolsos por:<\/p><ul data-start=\"2243\" data-end=\"2334\"><li data-start=\"2243\" data-end=\"2257\"><p data-start=\"2245\" data-end=\"2257\">Tarifas de prueba<\/p><\/li><li data-start=\"2258\" data-end=\"2290\"><p data-start=\"2260\" data-end=\"2290\">Per\u00edodos de suscripci\u00f3n parciales<\/p><\/li><li data-start=\"2291\" data-end=\"2306\"><p data-start=\"2293\" data-end=\"2306\">Tiempo no utilizado<\/p><\/li><li data-start=\"2307\" data-end=\"2334\"><p data-start=\"2309\" data-end=\"2334\">Cancelaciones olvidadas<\/p><\/li><\/ul><p data-start=\"2336\" data-end=\"2378\">La cancelaci\u00f3n solo evita cargos futuros.<\/p><hr data-start=\"2380\" data-end=\"2383\"><h2 data-start=\"2385\" data-end=\"2432\">6. Derecho de desistimiento de la UE \u2013 Servicios digitales<\/h2><p data-start=\"2434\" data-end=\"2685\">De acuerdo con el Art\u00edculo 16 de la Directiva 2011\/83\/UE, consientes expresamente la ejecuci\u00f3n inmediata del Servicio digital tras la compra y reconoces que pierdes tu derecho legal de desistimiento una vez que se ha accedido al Servicio o se ha utilizado.<\/p><hr data-start=\"2687\" data-end=\"2690\"><h2 data-start=\"2692\" data-end=\"2710\">7. Cancelaci\u00f3n<\/h2><p data-start=\"2712\" data-end=\"2757\">Puedes cancelar tu suscripci\u00f3n en cualquier momento:<\/p><ul data-start=\"2759\" data-end=\"2836\"><li data-start=\"2759\" data-end=\"2794\"><p data-start=\"2761\" data-end=\"2794\">A trav\u00e9s de tu panel de usuario, o<\/p><\/li><li data-start=\"2795\" data-end=\"2836\"><p data-start=\"2797\" data-end=\"2836\">Poni\u00e9ndote en contacto con nosotros en <strong data-start=\"2817\" data-end=\"2836\"><a class=\"decorated-link cursor-pointer\" rel=\"noopener\" data-start=\"2819\" data-end=\"2834\">info@convert24.co<\/a><\/strong><\/p><\/li><\/ul><p data-start=\"2838\" data-end=\"2909\">La cancelaci\u00f3n entrar\u00e1 en vigor al final del per\u00edodo de facturaci\u00f3n actual.<\/p><p data-start=\"2911\" data-end=\"2965\">Conservar\u00e1s el acceso al Servicio hasta esa fecha.<\/p><hr data-start=\"2967\" data-end=\"2970\"><h2 data-start=\"2972\" data-end=\"3000\">8. Sin obligaci\u00f3n de recordatorio<\/h2><p data-start=\"3002\" data-end=\"3116\">No tenemos la obligaci\u00f3n de proporcionar recordatorios antes del final del per\u00edodo de prueba o antes de la renovaci\u00f3n de la suscripci\u00f3n.<\/p><p data-start=\"3118\" data-end=\"3172\">Es tu responsabilidad gestionar tu suscripci\u00f3n.<\/p><hr data-start=\"3174\" data-end=\"3177\"><h2 data-start=\"3179\" data-end=\"3200\">9. Pol\u00edtica de uso justo<\/h2><p data-start=\"3202\" data-end=\"3256\">El uso ilimitado est\u00e1 sujeto a un uso justo y razonable.<\/p><p data-start=\"3258\" data-end=\"3393\">Nos reservamos el derecho de limitar, restringir o suspender las cuentas que excedan los patrones de uso normales o que afecten negativamente el rendimiento del sistema.<\/p><hr data-start=\"3395\" data-end=\"3398\"><h2 data-start=\"3400\" data-end=\"3429\">10. Dependencia de terceros<\/h2><p data-start=\"3431\" data-end=\"3505\">El Servicio depende de proveedores t\u00e9cnicos externos para el procesamiento de archivos.<\/p><p data-start=\"3507\" data-end=\"3666\">No garantizamos el funcionamiento ininterrumpido o sin errores del Servicio y no somos responsables del tiempo de inactividad o los problemas t\u00e9cnicos causados por proveedores externos.<\/p><hr data-start=\"3668\" data-end=\"3671\"><h2 data-start=\"3673\" data-end=\"3706\">11. Suspensi\u00f3n y rescisi\u00f3n<\/h2><p data-start=\"3708\" data-end=\"3800\">Nos reservamos el derecho de suspender o cancelar cualquier suscripci\u00f3n, sin reembolso, si detectamos:<\/p><ul data-start=\"3802\" data-end=\"3904\"><li data-start=\"3802\" data-end=\"3826\"><p data-start=\"3804\" data-end=\"3826\">Abuso del Servicio<\/p><\/li><li data-start=\"3827\" data-end=\"3850\"><p data-start=\"3829\" data-end=\"3850\">Actividad fraudulenta<\/p><\/li><li data-start=\"3851\" data-end=\"3877\"><p data-start=\"3853\" data-end=\"3877\">Violaci\u00f3n de nuestros T\u00e9rminos<\/p><\/li><li data-start=\"3878\" data-end=\"3904\"><p data-start=\"3880\" data-end=\"3904\">Uso ilegal o perjudicial<\/p><\/li><\/ul><hr data-start=\"3906\" data-end=\"3909\"><h2 data-start=\"3911\" data-end=\"3929\">12. Contracargos<\/h2><p data-start=\"3931\" data-end=\"4050\">Iniciar una devoluci\u00f3n de cargo sin antes ponerse en contacto con nuestro servicio de atenci\u00f3n al cliente constituye un incumplimiento de estos T\u00e9rminos de suscripci\u00f3n.<\/p><p data-start=\"4052\" data-end=\"4165\">Nos reservamos el derecho de suspender tu cuenta y recuperar cualquier tarifa de devoluci\u00f3n de cargo y costes administrativos asociados.<\/p><hr data-start=\"4167\" data-end=\"4170\"><h2 data-start=\"4172\" data-end=\"4220\">13. Cambios en los T\u00e9rminos de suscripci\u00f3n y los precios<\/h2><p data-start=\"4222\" data-end=\"4289\">Podemos modificar los planes de suscripci\u00f3n, las funciones o los precios en cualquier momento.<\/p><p data-start=\"4291\" data-end=\"4399\">Los cambios se aplicar\u00e1n solo a los per\u00edodos de facturaci\u00f3n futuros y se comunicar\u00e1n con antelaci\u00f3n cuando lo exija la ley.<\/p>\t\t\t\t\t\t\t\t<\/div>\n\t\t\t\t\t<\/div>\n\t\t\t\t<\/div>\n\t\t\t\t<\/div>\n\t\t","protected":false},"excerpt":{"rendered":"<p>\u00daltima actualizaci\u00f3n: 2026 Estos T\u00e9rminos de Suscripci\u00f3n rigen todas las suscripciones de pago y el acceso de prueba a los [&hellip;]<\/p>\n","protected":false},"author":1,"featured_media":0,"parent":0,"menu_order":0,"comment_status":"closed","ping_status":"closed","template":"","meta":{"site-sidebar-layout":"default","site-content-layout":"","ast-site-content-layout":"default","site-content-style":"default","site-sidebar-style":"default","ast-global-header-display":"","ast-banner-title-visibility":"","ast-main-header-display":"","ast-hfb-above-header-display":"","ast-hfb-below-header-display":"","ast-hfb-mobile-header-display":"","site-post-title":"","ast-breadcrumbs-content":"","ast-featured-img":"","footer-sml-layout":"","ast-disable-related-posts":"","theme-transparent-header-meta":"","adv-header-id-meta":"","stick-header-meta":"","header-above-stick-meta":"","header-main-stick-meta":"","header-below-stick-meta":"","astra-migrate-meta-layouts":"default","ast-page-background-enabled":"default","ast-page-background-meta":{"desktop":{"background-color":"var(--ast-global-color-5)","background-image":"","background-repeat":"repeat","background-position":"center center","background-size":"auto","background-attachment":"scroll","background-type":"","background-media":"","overlay-type":"","overlay-color":"","overlay-opacity":"","overlay-gradient":""},"tablet":{"background-color":"","background-image":"","background-repeat":"repeat","background-position":"center center","background-size":"auto","background-attachment":"scroll","background-type":"","background-media":"","overlay-type":"","overlay-color":"","overlay-opacity":"","overlay-gradient":""},"mobile":{"background-color":"","background-image":"","background-repeat":"repeat","background-position":"center center","background-size":"auto","background-attachment":"scroll","background-type":"","background-media":"","overlay-type":"","overlay-color":"","overlay-opacity":"","overlay-gradient":""}},"ast-content-background-meta":{"desktop":{"background-color":"var(--ast-global-color-4)","background-image":"","background-repeat":"repeat","background-position":"center center","background-size":"auto","background-attachment":"scroll","background-type":"","background-media":"","overlay-type":"","overlay-color":"","overlay-opacity":"","overlay-gradient":""},"tablet":{"background-color":"var(--ast-global-color-4)","background-image":"","background-repeat":"repeat","background-position":"center center","background-size":"auto","background-attachment":"scroll","background-type":"","background-media":"","overlay-type":"","overlay-color":"","overlay-opacity":"","overlay-gradient":""},"mobile":{"background-color":"var(--ast-global-color-4)","background-image":"","background-repeat":"repeat","background-position":"center center","background-size":"auto","background-attachment":"scroll","background-type":"","background-media":"","overlay-type":"","overlay-color":"","overlay-opacity":"","overlay-gradient":""}},"footnotes":""},"class_list":["post-680","page","type-page","status-publish","hentry"],"yoast_head":"<!-- This site is optimized with the Yoast SEO plugin v27.2 - https:\/\/yoast.com\/product\/yoast-seo-wordpress\/ -->\n<title>T\u00e9rminos de la suscripci\u00f3n -<\/title>\n<meta name=\"robots\" content=\"index, follow, max-snippet:-1, max-image-preview:large, max-video-preview:-1\" \/>\n<link rel=\"canonical\" href=\"https:\/\/convert24.co\/es\/terms_of_subscription\/\" \/>\n<meta property=\"og:locale\" content=\"es_ES\" \/>\n<meta property=\"og:type\" content=\"article\" \/>\n<meta property=\"og:title\" content=\"T\u00e9rminos de la suscripci\u00f3n -\" \/>\n<meta property=\"og:description\" content=\"\u00daltima actualizaci\u00f3n: 2026 Estos T\u00e9rminos de Suscripci\u00f3n rigen todas las suscripciones de pago y el acceso de prueba a los [&hellip;]\" \/>\n<meta property=\"og:url\" content=\"https:\/\/convert24.co\/es\/terms_of_subscription\/\" \/>\n<meta property=\"article:modified_time\" content=\"2026-03-11T16:27:33+00:00\" \/>\n<meta name=\"twitter:card\" content=\"summary_large_image\" \/>\n<meta name=\"twitter:label1\" content=\"Tiempo de lectura\" \/>\n\t<meta name=\"twitter:data1\" content=\"4 minutos\" \/>\n<script type=\"application\/ld+json\" class=\"yoast-schema-graph\">{\"@context\":\"https:\/\/schema.org\",\"@graph\":[{\"@type\":\"WebPage\",\"@id\":\"https:\/\/convert24.co\/es\/terms_of_subscription\/\",\"url\":\"https:\/\/convert24.co\/es\/terms_of_subscription\/\",\"name\":\"T\u00e9rminos de la suscripci\u00f3n -\",\"isPartOf\":{\"@id\":\"https:\/\/convert24.co\/es\/#website\"},\"datePublished\":\"2026-01-26T16:49:12+00:00\",\"dateModified\":\"2026-03-11T16:27:33+00:00\",\"breadcrumb\":{\"@id\":\"https:\/\/convert24.co\/es\/terms_of_subscription\/#breadcrumb\"},\"inLanguage\":\"es\",\"potentialAction\":[{\"@type\":\"ReadAction\",\"target\":[\"https:\/\/convert24.co\/es\/terms_of_subscription\/\"]}]},{\"@type\":\"BreadcrumbList\",\"@id\":\"https:\/\/convert24.co\/es\/terms_of_subscription\/#breadcrumb\",\"itemListElement\":[{\"@type\":\"ListItem\",\"position\":1,\"name\":\"Home\",\"item\":\"https:\/\/convert24.co\/es\/pdf-convertor\/\"},{\"@type\":\"ListItem\",\"position\":2,\"name\":\"T\u00e9rminos de la suscripci\u00f3n\"}]},{\"@type\":\"WebSite\",\"@id\":\"https:\/\/convert24.co\/es\/#website\",\"url\":\"https:\/\/convert24.co\/es\/\",\"name\":\"Convert24\",\"description\":\"\",\"publisher\":{\"@id\":\"https:\/\/convert24.co\/es\/#organization\"},\"alternateName\":\"convert24\",\"potentialAction\":[{\"@type\":\"SearchAction\",\"target\":{\"@type\":\"EntryPoint\",\"urlTemplate\":\"https:\/\/convert24.co\/es\/?s={search_term_string}\"},\"query-input\":{\"@type\":\"PropertyValueSpecification\",\"valueRequired\":true,\"valueName\":\"search_term_string\"}}],\"inLanguage\":\"es\"},{\"@type\":\"Organization\",\"@id\":\"https:\/\/convert24.co\/es\/#organization\",\"name\":\"Digital24 LTD\",\"alternateName\":\"Digital24 LTD\",\"url\":\"https:\/\/convert24.co\/es\/\",\"logo\":{\"@type\":\"ImageObject\",\"inLanguage\":\"es\",\"@id\":\"https:\/\/convert24.co\/es\/#\/schema\/logo\/image\/\",\"url\":\"https:\/\/convert24.co\/wp-content\/uploads\/2026\/01\/CONVERT24-logo.avif\",\"contentUrl\":\"https:\/\/convert24.co\/wp-content\/uploads\/2026\/01\/CONVERT24-logo.avif\",\"width\":512,\"height\":199,\"caption\":\"Digital24 LTD\"},\"image\":{\"@id\":\"https:\/\/convert24.co\/es\/#\/schema\/logo\/image\/\"}}]}<\/script>\n<!-- \/ Yoast SEO plugin. -->","yoast_head_json":{"title":"T\u00e9rminos de la suscripci\u00f3n -","robots":{"index":"index","follow":"follow","max-snippet":"max-snippet:-1","max-image-preview":"max-image-preview:large","max-video-preview":"max-video-preview:-1"},"canonical":"https:\/\/convert24.co\/es\/terms_of_subscription\/","og_locale":"es_ES","og_type":"article","og_title":"T\u00e9rminos de la suscripci\u00f3n -","og_description":"\u00daltima actualizaci\u00f3n: 2026 Estos T\u00e9rminos de Suscripci\u00f3n rigen todas las suscripciones de pago y el acceso de prueba a los [&hellip;]","og_url":"https:\/\/convert24.co\/es\/terms_of_subscription\/","article_modified_time":"2026-03-11T16:27:33+00:00","twitter_card":"summary_large_image","twitter_misc":{"Tiempo de lectura":"4 minutos"},"schema":{"@context":"https:\/\/schema.org","@graph":[{"@type":"WebPage","@id":"https:\/\/convert24.co\/es\/terms_of_subscription\/","url":"https:\/\/convert24.co\/es\/terms_of_subscription\/","name":"T\u00e9rminos de la suscripci\u00f3n -","isPartOf":{"@id":"https:\/\/convert24.co\/es\/#website"},"datePublished":"2026-01-26T16:49:12+00:00","dateModified":"2026-03-11T16:27:33+00:00","breadcrumb":{"@id":"https:\/\/convert24.co\/es\/terms_of_subscription\/#breadcrumb"},"inLanguage":"es","potentialAction":[{"@type":"ReadAction","target":["https:\/\/convert24.co\/es\/terms_of_subscription\/"]}]},{"@type":"BreadcrumbList","@id":"https:\/\/convert24.co\/es\/terms_of_subscription\/#breadcrumb","itemListElement":[{"@type":"ListItem","position":1,"name":"Home","item":"https:\/\/convert24.co\/es\/pdf-convertor\/"},{"@type":"ListItem","position":2,"name":"T\u00e9rminos de la suscripci\u00f3n"}]},{"@type":"WebSite","@id":"https:\/\/convert24.co\/es\/#website","url":"https:\/\/convert24.co\/es\/","name":"Convert24","description":"","publisher":{"@id":"https:\/\/convert24.co\/es\/#organization"},"alternateName":"convert24","potentialAction":[{"@type":"SearchAction","target":{"@type":"EntryPoint","urlTemplate":"https:\/\/convert24.co\/es\/?s={search_term_string}"},"query-input":{"@type":"PropertyValueSpecification","valueRequired":true,"valueName":"search_term_string"}}],"inLanguage":"es"},{"@type":"Organization","@id":"https:\/\/convert24.co\/es\/#organization","name":"Digital24 LTD","alternateName":"Digital24 LTD","url":"https:\/\/convert24.co\/es\/","logo":{"@type":"ImageObject","inLanguage":"es","@id":"https:\/\/convert24.co\/es\/#\/schema\/logo\/image\/","url":"https:\/\/convert24.co\/wp-content\/uploads\/2026\/01\/CONVERT24-logo.avif","contentUrl":"https:\/\/convert24.co\/wp-content\/uploads\/2026\/01\/CONVERT24-logo.avif","width":512,"height":199,"caption":"Digital24 LTD"},"image":{"@id":"https:\/\/convert24.co\/es\/#\/schema\/logo\/image\/"}}]}},"_links":{"self":[{"href":"https:\/\/convert24.co\/es\/wp-json\/wp\/v2\/pages\/680","targetHints":{"allow":["GET"]}}],"collection":[{"href":"https:\/\/convert24.co\/es\/wp-json\/wp\/v2\/pages"}],"about":[{"href":"https:\/\/convert24.co\/es\/wp-json\/wp\/v2\/types\/page"}],"author":[{"embeddable":true,"href":"https:\/\/convert24.co\/es\/wp-json\/wp\/v2\/users\/1"}],"replies":[{"embeddable":true,"href":"https:\/\/convert24.co\/es\/wp-json\/wp\/v2\/comments?post=680"}],"version-history":[{"count":1,"href":"https:\/\/convert24.co\/es\/wp-json\/wp\/v2\/pages\/680\/revisions"}],"predecessor-version":[{"id":681,"href":"https:\/\/convert24.co\/es\/wp-json\/wp\/v2\/pages\/680\/revisions\/681"}],"wp:attachment":[{"href":"https:\/\/convert24.co\/es\/wp-json\/wp\/v2\/media?parent=680"}],"curies":[{"name":"wp","href":"https:\/\/api.w.org\/{rel}","templated":true}]}}