{"id":668,"date":"2026-01-26T16:48:19","date_gmt":"2026-01-26T16:48:19","guid":{"rendered":"https:\/\/convert24.co\/terms-and-services\/"},"modified":"2026-03-11T16:27:07","modified_gmt":"2026-03-11T16:27:07","slug":"terms_and_service","status":"publish","type":"page","link":"https:\/\/convert24.co\/fr\/terms_and_service\/","title":{"rendered":"Conditions d\u2019utilisation"},"content":{"rendered":"\t\t<div data-elementor-type=\"wp-page\" data-elementor-id=\"668\" class=\"elementor elementor-668 elementor-205\">\n\t\t\t\t<div class=\"elementor-element elementor-element-19d7fc6e e-flex e-con-boxed e-con e-parent\" data-id=\"19d7fc6e\" data-element_type=\"container\" data-e-type=\"container\">\n\t\t\t\t\t<div class=\"e-con-inner\">\n\t\t\t\t<div class=\"elementor-element elementor-element-55483110 elementor-widget elementor-widget-text-editor\" data-id=\"55483110\" data-element_type=\"widget\" data-e-type=\"widget\" data-widget_type=\"text-editor.default\">\n\t\t\t\t\t\t\t\t\t<p><span style=\"font-weight: 400;\">Derni\u00e8re mise \u00e0 jour : 2026<\/span><\/p><p><span style=\"font-weight: 400;\">Les pr\u00e9sentes Conditions d\u2019utilisation (\u00ab&nbsp;Conditions&nbsp;\u00bb) constituent un accord juridiquement contraignant entre vous (\u00ab&nbsp;vous&nbsp;\u00bb, \u00ab&nbsp;utilisateur&nbsp;\u00bb) et <\/span>Digital24 LTD<span style=\"font-weight: 400;\"> (\u00ab&nbsp;Soci\u00e9t\u00e9&nbsp;\u00bb, \u00ab&nbsp;nous&nbsp;\u00bb, \u00ab&nbsp;notre&nbsp;\u00bb), concernant votre acc\u00e8s et votre utilisation de<\/span><a href=\"https:\/\/website.co\"> <span style=\"font-weight: 400;\">https:\/\/convert24.co<\/span><\/a><span style=\"font-weight: 400;\"> et de tous les services connexes (le \u00ab&nbsp;Service&nbsp;\u00bb).<\/span><\/p><p><span style=\"font-weight: 400;\">En acc\u00e9dant au Service ou en l\u2019utilisant, tu confirmes que tu as au moins 18&nbsp;ans et que tu as lu, compris et accept\u00e9 d\u2019\u00eatre li\u00e9(e) par les pr\u00e9sentes Conditions. Si tu n\u2019es pas d\u2019accord, tu ne dois pas utiliser le Service. <\/span><\/p><h3 data-start=\"996\" data-end=\"1028\">1. Description du Service<\/h3><p data-start=\"1030\" data-end=\"1177\">Le Service est une plateforme num\u00e9rique en ligne qui permet aux utilisateurs de t\u00e9l\u00e9charger et de convertir des fichiers en PDF et dans d\u2019autres formats gr\u00e2ce \u00e0 des outils de traitement automatis\u00e9s.<\/p><p data-start=\"1179\" data-end=\"1227\">Le Service est fourni sur la base d\u2019un abonnement.<\/p><hr data-start=\"1229\" data-end=\"1232\"><h3 data-start=\"1234\" data-end=\"1260\">2. Services tiers<\/h3><p data-start=\"1262\" data-end=\"1401\">Le Service s\u2019appuie sur des fournisseurs de services tiers, notamment des API de conversion de fichiers externes, pour ex\u00e9cuter certaines fonctionnalit\u00e9s techniques.<\/p><p data-start=\"1403\" data-end=\"1577\">En utilisant le Service, tu reconnais et acceptes que tes fichiers t\u00e9l\u00e9charg\u00e9s puissent \u00eatre transmis \u00e0 ces fournisseurs tiers uniquement \u00e0 des fins de traitement et de conversion.<\/p><p data-start=\"1579\" data-end=\"1702\">Nous ne contr\u00f4lons pas et ne sommes pas responsables des performances, de la disponibilit\u00e9, de l\u2019exactitude ou de la s\u00e9curit\u00e9 des services tiers.<\/p><hr data-start=\"1704\" data-end=\"1707\"><h3 data-start=\"1709\" data-end=\"1728\">3. Comptes utilisateurs<\/h3><p data-start=\"1730\" data-end=\"1813\">Pour acc\u00e9der au Service, tu dois cr\u00e9er un compte et fournir des informations exactes.<\/p><p data-start=\"1815\" data-end=\"1937\">Tu es responsable du maintien de la confidentialit\u00e9 de tes identifiants de connexion et de toute l\u2019activit\u00e9 de ton compte.<\/p><hr data-start=\"1939\" data-end=\"1942\"><h3 data-start=\"1944\" data-end=\"1996\">4. Essai payant, abonnement et renouvellement automatique<\/h3><p data-start=\"1998\" data-end=\"2030\">Nous offrons un <strong data-start=\"2009\" data-end=\"2029\">essai payant de 7&nbsp;jours<\/strong>.<\/p><p data-start=\"2032\" data-end=\"2136\">En commen\u00e7ant l&rsquo;essai, tu acceptes d&rsquo;\u00eatre factur\u00e9 imm\u00e9diatement pour les frais d&rsquo;essai affich\u00e9s sur la page de paiement.<\/p><p data-start=\"2138\" data-end=\"2298\">Sauf si tu l\u2019annules avant la fin de la p\u00e9riode d\u2019essai, ton essai sera automatiquement converti en un abonnement payant au prix affich\u00e9 sur la page de paiement.<\/p><p data-start=\"2300\" data-end=\"2420\">En t\u2019abonnant, tu nous autorises express\u00e9ment \u00e0 facturer ton mode de paiement s\u00e9lectionn\u00e9 de mani\u00e8re r\u00e9currente jusqu\u2019\u00e0 ce que tu annules.<\/p><hr data-start=\"2422\" data-end=\"2425\"><h3 data-start=\"2427\" data-end=\"2453\">5. Tarification et paiements<\/h3><p data-start=\"2455\" data-end=\"2544\">Tous les prix sont affich\u00e9s sur la page de paiement et indiqu\u00e9s en euros, sauf indication contraire.<\/p><p data-start=\"2546\" data-end=\"2648\">Les paiements sont trait\u00e9s en toute s\u00e9curit\u00e9 par <strong data-start=\"2581\" data-end=\"2591\">Stripe<\/strong>.<br data-start=\"2592\" data-end=\"2595\">Nous ne stockons ni ne traitons les informations compl\u00e8tes des cartes de paiement.<\/p><p data-start=\"2650\" data-end=\"2747\">Tous les paiements sont factur\u00e9s \u00e0 l\u2019avance et ne sont pas remboursables, sauf lorsque la loi l\u2019exige.<\/p><hr data-start=\"2749\" data-end=\"2752\"><h3 data-start=\"2754\" data-end=\"2801\">6. Droit de r\u00e9tractation de l\u2019UE \u2013 Services num\u00e9riques<\/h3><p data-start=\"2803\" data-end=\"3040\">Conform\u00e9ment \u00e0 l\u2019article&nbsp;16 de la directive&nbsp;2011\/83\/UE, tu consens express\u00e9ment \u00e0 l\u2019ex\u00e9cution imm\u00e9diate du Service num\u00e9rique et reconnais que tu perds ton droit de r\u00e9tractation l\u00e9gal une fois que tu as acc\u00e9d\u00e9 au Service ou que tu l\u2019as utilis\u00e9.<\/p><hr data-start=\"3042\" data-end=\"3045\"><h3 data-start=\"3047\" data-end=\"3065\">7. Annulation<\/h3><p data-start=\"3067\" data-end=\"3179\">Tu peux annuler ton abonnement \u00e0 tout moment via ton tableau de bord utilisateur ou en nous contactant \u00e0 l\u2019adresse <strong data-start=\"3159\" data-end=\"3178\"><a class=\"decorated-link cursor-pointer\" rel=\"noopener\" data-start=\"3161\" data-end=\"3176\">info@convert24.co<\/a><\/strong>.<\/p><p data-start=\"3181\" data-end=\"3265\">L\u2019annulation emp\u00eache la facturation future, mais ne rembourse pas la p\u00e9riode de facturation en cours.<\/p><hr data-start=\"3267\" data-end=\"3270\"><h3 data-start=\"3272\" data-end=\"3286\">8. Utilisation \u00e9quitable<\/h3><p data-start=\"3288\" data-end=\"3342\">L\u2019utilisation illimit\u00e9e est soumise \u00e0 une utilisation \u00e9quitable et raisonnable.<\/p><p data-start=\"3344\" data-end=\"3479\">Nous nous r\u00e9servons le droit de limiter, de restreindre ou de suspendre les comptes qui d\u00e9passent les sch\u00e9mas d\u2019utilisation normaux ou qui ont un impact n\u00e9gatif sur les performances du syst\u00e8me.<\/p><hr data-start=\"3481\" data-end=\"3484\"><h3 data-start=\"3486\" data-end=\"3513\">9. Acc\u00e8s au Service<\/h3><p data-start=\"3515\" data-end=\"3600\">L\u2019acc\u00e8s au Service d\u00e9pend de la disponibilit\u00e9 des fournisseurs techniques tiers.<\/p><p data-start=\"3602\" data-end=\"3675\">Nous ne garantissons pas le fonctionnement ininterrompu ou sans erreur du Service.<\/p><hr data-start=\"3677\" data-end=\"3680\"><h3 data-start=\"3682\" data-end=\"3711\">10. Fichiers et contenu de l\u2019utilisateur<\/h3><p data-start=\"3713\" data-end=\"3783\">Les utilisateurs sont seuls responsables du contenu des fichiers qu\u2019ils t\u00e9l\u00e9chargent.<\/p><p data-start=\"3785\" data-end=\"3840\">Nous ne surveillons, ne v\u00e9rifions ni ne contr\u00f4lons le contenu t\u00e9l\u00e9charg\u00e9.<\/p><p data-start=\"3842\" data-end=\"3907\">Tous les fichiers t\u00e9l\u00e9charg\u00e9s sont automatiquement supprim\u00e9s dans les <strong data-start=\"3894\" data-end=\"3906\">24&nbsp;heures<\/strong>.<\/p><p data-start=\"3909\" data-end=\"3962\">Tu es responsable de la maintenance de tes propres sauvegardes.<\/p><hr data-start=\"3964\" data-end=\"3967\"><h3 data-start=\"3969\" data-end=\"3990\">11. Utilisation interdite<\/h3><p data-start=\"3992\" data-end=\"4115\">Tu ne peux pas utiliser le Service \u00e0 des fins ill\u00e9gales, nuisibles ou abusives, notamment en t\u00e9l\u00e9chargeant du contenu ill\u00e9gal ou prot\u00e9g\u00e9 par des droits d\u2019auteur.<\/p><hr data-start=\"4117\" data-end=\"4120\"><h3 data-start=\"4122\" data-end=\"4155\">12. Suspension et r\u00e9siliation<\/h3><p data-start=\"4157\" data-end=\"4276\">Nous nous r\u00e9servons le droit de suspendre ou de r\u00e9silier tout compte en cas d\u2019abus, de fraude ou de violation des pr\u00e9sentes Conditions, sans remboursement.<\/p><hr data-start=\"4278\" data-end=\"4281\"><h3 data-start=\"4283\" data-end=\"4301\">13. R\u00e9trofacturations<\/h3><p data-start=\"4303\" data-end=\"4400\">L\u2019ouverture d\u2019une r\u00e9trofacturation sans avoir pr\u00e9alablement contact\u00e9 notre assistance constitue une violation des pr\u00e9sentes Conditions.<\/p><p data-start=\"4402\" data-end=\"4505\">Nous nous r\u00e9servons le droit de suspendre ton compte et de recouvrer les frais administratifs et de r\u00e9trofacturation associ\u00e9s.<\/p><hr data-start=\"4507\" data-end=\"4510\"><h3 data-start=\"4512\" data-end=\"4529\">14. Clause de non-responsabilit\u00e9<\/h3><p data-start=\"4531\" data-end=\"4563\">Le Service est fourni \u00ab&nbsp;en l\u2019\u00e9tat&nbsp;\u00bb.<\/p><p data-start=\"4565\" data-end=\"4668\">Nous ne garantissons pas que les fichiers convertis seront exacts, complets ou adapt\u00e9s \u00e0 un usage particulier.<\/p><hr data-start=\"4670\" data-end=\"4673\"><h3 data-start=\"4675\" data-end=\"4705\">15. Limitation de responsabilit\u00e9<\/h3><p data-start=\"4707\" data-end=\"4837\">Dans toute la mesure permise par la loi, Digital24 LTD ne saurait \u00eatre tenue responsable des dommages indirects, accessoires ou cons\u00e9cutifs.<\/p><hr data-start=\"4839\" data-end=\"4842\"><h3 data-start=\"4844\" data-end=\"4858\">16. Confidentialit\u00e9<\/h3><p data-start=\"4860\" data-end=\"4923\">Nous traitons les donn\u00e9es personnelles conform\u00e9ment \u00e0 notre Politique de confidentialit\u00e9.<\/p><hr data-start=\"4925\" data-end=\"4928\"><h3 data-start=\"4930\" data-end=\"4950\">17. Droit applicable<\/h3><p data-start=\"4952\" data-end=\"5014\">Les pr\u00e9sentes Conditions sont r\u00e9gies par le droit <strong data-start=\"4992\" data-end=\"5013\">anglais et gallois<\/strong>.<\/p><h3><b>18. Contact<\/b><\/h3><p><span style=\"font-weight: 400;\">Digital24 LTD<\/span><span style=\"font-weight: 400;\"><br><\/span><span style=\"font-weight: 400;\">Kemp House, 160 City Road, Londres<\/span><span style=\"font-weight: 400;\"><br><\/span><span style=\"font-weight: 400;\">Londres, London EC1V 2NX<\/span><span style=\"font-weight: 400;\"><br><\/span><span style=\"font-weight: 400;\">Angleterre<\/span><span style=\"font-weight: 400;\"><br><\/span><span style=\"font-weight: 400;\">E-mail&nbsp;: info@convert24.co<\/span><\/p>\t\t\t\t\t\t\t\t<\/div>\n\t\t\t\t\t<\/div>\n\t\t\t\t<\/div>\n\t\t\t\t<\/div>\n\t\t","protected":false},"excerpt":{"rendered":"<p>Derni\u00e8re mise \u00e0 jour : 2026 Les pr\u00e9sentes Conditions d\u2019utilisation (\u00ab&nbsp;Conditions&nbsp;\u00bb) constituent un accord juridiquement contraignant entre vous (\u00ab&nbsp;vous&nbsp;\u00bb, \u00ab&nbsp;utilisateur&nbsp;\u00bb) [&hellip;]<\/p>\n","protected":false},"author":1,"featured_media":0,"parent":0,"menu_order":0,"comment_status":"closed","ping_status":"closed","template":"","meta":{"site-sidebar-layout":"default","site-content-layout":"","ast-site-content-layout":"default","site-content-style":"default","site-sidebar-style":"default","ast-global-header-display":"","ast-banner-title-visibility":"","ast-main-header-display":"","ast-hfb-above-header-display":"","ast-hfb-below-header-display":"","ast-hfb-mobile-header-display":"","site-post-title":"","ast-breadcrumbs-content":"","ast-featured-img":"","footer-sml-layout":"","ast-disable-related-posts":"","theme-transparent-header-meta":"","adv-header-id-meta":"","stick-header-meta":"","header-above-stick-meta":"","header-main-stick-meta":"","header-below-stick-meta":"","astra-migrate-meta-layouts":"default","ast-page-background-enabled":"default","ast-page-background-meta":{"desktop":{"background-color":"var(--ast-global-color-5)","background-image":"","background-repeat":"repeat","background-position":"center center","background-size":"auto","background-attachment":"scroll","background-type":"","background-media":"","overlay-type":"","overlay-color":"","overlay-opacity":"","overlay-gradient":""},"tablet":{"background-color":"","background-image":"","background-repeat":"repeat","background-position":"center center","background-size":"auto","background-attachment":"scroll","background-type":"","background-media":"","overlay-type":"","overlay-color":"","overlay-opacity":"","overlay-gradient":""},"mobile":{"background-color":"","background-image":"","background-repeat":"repeat","background-position":"center center","background-size":"auto","background-attachment":"scroll","background-type":"","background-media":"","overlay-type":"","overlay-color":"","overlay-opacity":"","overlay-gradient":""}},"ast-content-background-meta":{"desktop":{"background-color":"var(--ast-global-color-4)","background-image":"","background-repeat":"repeat","background-position":"center center","background-size":"auto","background-attachment":"scroll","background-type":"","background-media":"","overlay-type":"","overlay-color":"","overlay-opacity":"","overlay-gradient":""},"tablet":{"background-color":"var(--ast-global-color-4)","background-image":"","background-repeat":"repeat","background-position":"center center","background-size":"auto","background-attachment":"scroll","background-type":"","background-media":"","overlay-type":"","overlay-color":"","overlay-opacity":"","overlay-gradient":""},"mobile":{"background-color":"var(--ast-global-color-4)","background-image":"","background-repeat":"repeat","background-position":"center center","background-size":"auto","background-attachment":"scroll","background-type":"","background-media":"","overlay-type":"","overlay-color":"","overlay-opacity":"","overlay-gradient":""}},"footnotes":""},"class_list":["post-668","page","type-page","status-publish","hentry"],"yoast_head":"<!-- This site is optimized with the Yoast SEO plugin v27.2 - https:\/\/yoast.com\/product\/yoast-seo-wordpress\/ -->\n<title>Conditions d\u2019utilisation -<\/title>\n<meta name=\"robots\" content=\"index, follow, max-snippet:-1, max-image-preview:large, max-video-preview:-1\" \/>\n<link rel=\"canonical\" href=\"https:\/\/convert24.co\/fr\/terms_and_service\/\" \/>\n<meta property=\"og:locale\" content=\"fr_FR\" \/>\n<meta property=\"og:type\" content=\"article\" \/>\n<meta property=\"og:title\" content=\"Conditions d\u2019utilisation -\" \/>\n<meta property=\"og:description\" content=\"Derni\u00e8re mise \u00e0 jour : 2026 Les pr\u00e9sentes Conditions d\u2019utilisation (\u00ab&nbsp;Conditions&nbsp;\u00bb) constituent un accord juridiquement contraignant entre vous (\u00ab&nbsp;vous&nbsp;\u00bb, \u00ab&nbsp;utilisateur&nbsp;\u00bb) [&hellip;]\" \/>\n<meta property=\"og:url\" content=\"https:\/\/convert24.co\/fr\/terms_and_service\/\" \/>\n<meta property=\"article:modified_time\" content=\"2026-03-11T16:27:07+00:00\" \/>\n<meta name=\"twitter:card\" content=\"summary_large_image\" \/>\n<meta name=\"twitter:label1\" content=\"Dur\u00e9e de lecture estim\u00e9e\" \/>\n\t<meta name=\"twitter:data1\" content=\"4 minutes\" \/>\n<script type=\"application\/ld+json\" class=\"yoast-schema-graph\">{\"@context\":\"https:\/\/schema.org\",\"@graph\":[{\"@type\":\"WebPage\",\"@id\":\"https:\/\/convert24.co\/fr\/terms_and_service\/\",\"url\":\"https:\/\/convert24.co\/fr\/terms_and_service\/\",\"name\":\"Conditions d\u2019utilisation -\",\"isPartOf\":{\"@id\":\"https:\/\/convert24.co\/fr\/#website\"},\"datePublished\":\"2026-01-26T16:48:19+00:00\",\"dateModified\":\"2026-03-11T16:27:07+00:00\",\"breadcrumb\":{\"@id\":\"https:\/\/convert24.co\/fr\/terms_and_service\/#breadcrumb\"},\"inLanguage\":\"fr-FR\",\"potentialAction\":[{\"@type\":\"ReadAction\",\"target\":[\"https:\/\/convert24.co\/fr\/terms_and_service\/\"]}]},{\"@type\":\"BreadcrumbList\",\"@id\":\"https:\/\/convert24.co\/fr\/terms_and_service\/#breadcrumb\",\"itemListElement\":[{\"@type\":\"ListItem\",\"position\":1,\"name\":\"Home\",\"item\":\"https:\/\/convert24.co\/fr\/pdf-convertor\/\"},{\"@type\":\"ListItem\",\"position\":2,\"name\":\"Conditions d\u2019utilisation\"}]},{\"@type\":\"WebSite\",\"@id\":\"https:\/\/convert24.co\/fr\/#website\",\"url\":\"https:\/\/convert24.co\/fr\/\",\"name\":\"Convert24\",\"description\":\"\",\"publisher\":{\"@id\":\"https:\/\/convert24.co\/fr\/#organization\"},\"alternateName\":\"convert24\",\"potentialAction\":[{\"@type\":\"SearchAction\",\"target\":{\"@type\":\"EntryPoint\",\"urlTemplate\":\"https:\/\/convert24.co\/fr\/?s={search_term_string}\"},\"query-input\":{\"@type\":\"PropertyValueSpecification\",\"valueRequired\":true,\"valueName\":\"search_term_string\"}}],\"inLanguage\":\"fr-FR\"},{\"@type\":\"Organization\",\"@id\":\"https:\/\/convert24.co\/fr\/#organization\",\"name\":\"Digital24 LTD\",\"alternateName\":\"Digital24 LTD\",\"url\":\"https:\/\/convert24.co\/fr\/\",\"logo\":{\"@type\":\"ImageObject\",\"inLanguage\":\"fr-FR\",\"@id\":\"https:\/\/convert24.co\/fr\/#\/schema\/logo\/image\/\",\"url\":\"https:\/\/convert24.co\/wp-content\/uploads\/2026\/01\/CONVERT24-logo.avif\",\"contentUrl\":\"https:\/\/convert24.co\/wp-content\/uploads\/2026\/01\/CONVERT24-logo.avif\",\"width\":512,\"height\":199,\"caption\":\"Digital24 LTD\"},\"image\":{\"@id\":\"https:\/\/convert24.co\/fr\/#\/schema\/logo\/image\/\"}}]}<\/script>\n<!-- \/ Yoast SEO plugin. -->","yoast_head_json":{"title":"Conditions d\u2019utilisation -","robots":{"index":"index","follow":"follow","max-snippet":"max-snippet:-1","max-image-preview":"max-image-preview:large","max-video-preview":"max-video-preview:-1"},"canonical":"https:\/\/convert24.co\/fr\/terms_and_service\/","og_locale":"fr_FR","og_type":"article","og_title":"Conditions d\u2019utilisation -","og_description":"Derni\u00e8re mise \u00e0 jour : 2026 Les pr\u00e9sentes Conditions d\u2019utilisation (\u00ab&nbsp;Conditions&nbsp;\u00bb) constituent un accord juridiquement contraignant entre vous (\u00ab&nbsp;vous&nbsp;\u00bb, \u00ab&nbsp;utilisateur&nbsp;\u00bb) [&hellip;]","og_url":"https:\/\/convert24.co\/fr\/terms_and_service\/","article_modified_time":"2026-03-11T16:27:07+00:00","twitter_card":"summary_large_image","twitter_misc":{"Dur\u00e9e de lecture estim\u00e9e":"4 minutes"},"schema":{"@context":"https:\/\/schema.org","@graph":[{"@type":"WebPage","@id":"https:\/\/convert24.co\/fr\/terms_and_service\/","url":"https:\/\/convert24.co\/fr\/terms_and_service\/","name":"Conditions d\u2019utilisation -","isPartOf":{"@id":"https:\/\/convert24.co\/fr\/#website"},"datePublished":"2026-01-26T16:48:19+00:00","dateModified":"2026-03-11T16:27:07+00:00","breadcrumb":{"@id":"https:\/\/convert24.co\/fr\/terms_and_service\/#breadcrumb"},"inLanguage":"fr-FR","potentialAction":[{"@type":"ReadAction","target":["https:\/\/convert24.co\/fr\/terms_and_service\/"]}]},{"@type":"BreadcrumbList","@id":"https:\/\/convert24.co\/fr\/terms_and_service\/#breadcrumb","itemListElement":[{"@type":"ListItem","position":1,"name":"Home","item":"https:\/\/convert24.co\/fr\/pdf-convertor\/"},{"@type":"ListItem","position":2,"name":"Conditions d\u2019utilisation"}]},{"@type":"WebSite","@id":"https:\/\/convert24.co\/fr\/#website","url":"https:\/\/convert24.co\/fr\/","name":"Convert24","description":"","publisher":{"@id":"https:\/\/convert24.co\/fr\/#organization"},"alternateName":"convert24","potentialAction":[{"@type":"SearchAction","target":{"@type":"EntryPoint","urlTemplate":"https:\/\/convert24.co\/fr\/?s={search_term_string}"},"query-input":{"@type":"PropertyValueSpecification","valueRequired":true,"valueName":"search_term_string"}}],"inLanguage":"fr-FR"},{"@type":"Organization","@id":"https:\/\/convert24.co\/fr\/#organization","name":"Digital24 LTD","alternateName":"Digital24 LTD","url":"https:\/\/convert24.co\/fr\/","logo":{"@type":"ImageObject","inLanguage":"fr-FR","@id":"https:\/\/convert24.co\/fr\/#\/schema\/logo\/image\/","url":"https:\/\/convert24.co\/wp-content\/uploads\/2026\/01\/CONVERT24-logo.avif","contentUrl":"https:\/\/convert24.co\/wp-content\/uploads\/2026\/01\/CONVERT24-logo.avif","width":512,"height":199,"caption":"Digital24 LTD"},"image":{"@id":"https:\/\/convert24.co\/fr\/#\/schema\/logo\/image\/"}}]}},"_links":{"self":[{"href":"https:\/\/convert24.co\/fr\/wp-json\/wp\/v2\/pages\/668","targetHints":{"allow":["GET"]}}],"collection":[{"href":"https:\/\/convert24.co\/fr\/wp-json\/wp\/v2\/pages"}],"about":[{"href":"https:\/\/convert24.co\/fr\/wp-json\/wp\/v2\/types\/page"}],"author":[{"embeddable":true,"href":"https:\/\/convert24.co\/fr\/wp-json\/wp\/v2\/users\/1"}],"replies":[{"embeddable":true,"href":"https:\/\/convert24.co\/fr\/wp-json\/wp\/v2\/comments?post=668"}],"version-history":[{"count":1,"href":"https:\/\/convert24.co\/fr\/wp-json\/wp\/v2\/pages\/668\/revisions"}],"predecessor-version":[{"id":669,"href":"https:\/\/convert24.co\/fr\/wp-json\/wp\/v2\/pages\/668\/revisions\/669"}],"wp:attachment":[{"href":"https:\/\/convert24.co\/fr\/wp-json\/wp\/v2\/media?parent=668"}],"curies":[{"name":"wp","href":"https:\/\/api.w.org\/{rel}","templated":true}]}}