{"id":678,"date":"2026-01-26T16:49:12","date_gmt":"2026-01-26T16:49:12","guid":{"rendered":"https:\/\/convert24.co\/terms-of-subscription\/"},"modified":"2026-03-11T16:27:33","modified_gmt":"2026-03-11T16:27:33","slug":"terms_of_subscription","status":"publish","type":"page","link":"https:\/\/convert24.co\/fr\/terms_of_subscription\/","title":{"rendered":"Conditions d\u2019abonnement"},"content":{"rendered":"\t\t<div data-elementor-type=\"wp-page\" data-elementor-id=\"678\" class=\"elementor elementor-678 elementor-207\">\n\t\t\t\t<div class=\"elementor-element elementor-element-2f87402a e-flex e-con-boxed e-con e-parent\" data-id=\"2f87402a\" data-element_type=\"container\" data-e-type=\"container\">\n\t\t\t\t\t<div class=\"e-con-inner\">\n\t\t\t\t<div class=\"elementor-element elementor-element-316cfb68 elementor-widget elementor-widget-text-editor\" data-id=\"316cfb68\" data-element_type=\"widget\" data-e-type=\"widget\" data-widget_type=\"text-editor.default\">\n\t\t\t\t\t\t\t\t\t<p data-start=\"399\" data-end=\"419\">Derni\u00e8re mise \u00e0 jour : 2026<\/p><p data-start=\"421\" data-end=\"614\">Ces conditions d\u2019abonnement r\u00e9gissent tous les abonnements payants et l\u2019acc\u00e8s d\u2019essai aux services fournis par Digital24 (\u00ab&nbsp;Soci\u00e9t\u00e9&nbsp;\u00bb, \u00ab&nbsp;nous&nbsp;\u00bb, \u00ab&nbsp;notre&nbsp;\u00bb) via <a class=\"decorated-link\" href=\"https:\/\/website.co\" target=\"_new\" rel=\"noopener\" data-start=\"579\" data-end=\"597\">https:\/\/convert24.co<\/a> (le \u00ab&nbsp;Service&nbsp;\u00bb).<\/p><p data-start=\"616\" data-end=\"747\">En achetant un essai ou un abonnement, tu acceptes ces conditions d\u2019abonnement en plus de nos conditions d\u2019utilisation et de notre politique de remboursement.<\/p><hr data-start=\"749\" data-end=\"752\"><h2 data-start=\"754\" data-end=\"787\">1. Description de l\u2019abonnement<\/h2><p data-start=\"789\" data-end=\"920\">Le Service est fourni sur la base d\u2019un abonnement et accorde l\u2019acc\u00e8s \u00e0 des outils de conversion de fichiers num\u00e9riques et \u00e0 des fonctionnalit\u00e9s connexes, notamment&nbsp;:<\/p><ul data-start=\"922\" data-end=\"1014\"><li data-start=\"922\" data-end=\"955\"><p data-start=\"924\" data-end=\"955\">Fonctionnalit\u00e9 de conversion de fichiers<\/p><\/li><li data-start=\"956\" data-end=\"984\"><p data-start=\"958\" data-end=\"984\">Outils de gestion de compte<\/p><\/li><li data-start=\"985\" data-end=\"1014\"><p data-start=\"987\" data-end=\"1014\">Assistance client par e-mail<\/p><\/li><\/ul><hr data-start=\"1016\" data-end=\"1019\"><h2 data-start=\"1021\" data-end=\"1037\">2. Essai payant<\/h2><p data-start=\"1039\" data-end=\"1071\">Nous offrons un <strong data-start=\"1050\" data-end=\"1070\">essai payant de 7&nbsp;jours<\/strong>.<\/p><p data-start=\"1073\" data-end=\"1165\">En d\u00e9marrant l\u2019essai, tu acceptes d\u2019\u00eatre factur\u00e9(e) les frais d\u2019essai affich\u00e9s sur la page de paiement.<\/p><p data-start=\"1167\" data-end=\"1267\">L\u2019essai fournit un acc\u00e8s temporaire au Service dans les m\u00eames conditions qu\u2019un abonnement payant.<\/p><hr data-start=\"1269\" data-end=\"1272\"><h2 data-start=\"1274\" data-end=\"1319\">3. Renouvellement automatique et facturation r\u00e9currente<\/h2><p data-start=\"1321\" data-end=\"1489\">Sauf si tu l\u2019annules avant la fin de la p\u00e9riode d\u2019essai, ton essai sera automatiquement converti en un abonnement mensuel payant au prix affich\u00e9 sur la page de paiement.<\/p><p data-start=\"1491\" data-end=\"1603\">En t\u2019abonnant, tu autorises express\u00e9ment <b>Digital24<\/b> \u00e0 d\u00e9biter automatiquement ton mode de paiement s\u00e9lectionn\u00e9&nbsp;:<\/p><ul data-start=\"1605\" data-end=\"1690\"><li data-start=\"1605\" data-end=\"1644\"><p data-start=\"1607\" data-end=\"1644\">\u00c0 la fin de la p\u00e9riode d\u2019essai, et<\/p><\/li><li data-start=\"1645\" data-end=\"1690\"><p data-start=\"1647\" data-end=\"1690\">\u00c0 chaque cycle de facturation mensuel suivant,<\/p><\/li><\/ul><p data-start=\"1692\" data-end=\"1727\">jusqu\u2019\u00e0 ce que tu annules ton abonnement.<\/p><p data-start=\"1729\" data-end=\"1790\">Cela constitue ton consentement explicite \u00e0 la facturation r\u00e9currente.<\/p><hr data-start=\"1792\" data-end=\"1795\"><h2 data-start=\"1797\" data-end=\"1833\">4. Tarification et traitement des paiements<\/h2><p data-start=\"1835\" data-end=\"1924\">Tous les prix sont affich\u00e9s sur la page de paiement et indiqu\u00e9s en euros, sauf indication contraire.<\/p><p data-start=\"1926\" data-end=\"1972\">Les paiements sont trait\u00e9s de mani\u00e8re s\u00e9curis\u00e9e par <strong data-start=\"1961\" data-end=\"1971\">Stripe<\/strong>.<\/p><p data-start=\"1974\" data-end=\"2027\">Nous ne stockons ni ne traitons les d\u00e9tails complets des cartes de paiement.<\/p><p data-start=\"2029\" data-end=\"2073\">Tous les frais d\u2019abonnement sont factur\u00e9s \u00e0 l\u2019avance.<\/p><hr data-start=\"2075\" data-end=\"2078\"><h2 data-start=\"2080\" data-end=\"2109\">5. Paiements non remboursables<\/h2><p data-start=\"2111\" data-end=\"2207\">Tous les paiements sont <strong data-start=\"2128\" data-end=\"2146\">non remboursables<\/strong>, sauf lorsque la loi imp\u00e9rative sur la protection des consommateurs l\u2019exige.<\/p><p data-start=\"2209\" data-end=\"2241\">Aucun remboursement ne sera effectu\u00e9 pour&nbsp;:<\/p><ul data-start=\"2243\" data-end=\"2334\"><li data-start=\"2243\" data-end=\"2257\"><p data-start=\"2245\" data-end=\"2257\">Frais d&rsquo;essai<\/p><\/li><li data-start=\"2258\" data-end=\"2290\"><p data-start=\"2260\" data-end=\"2290\">P\u00e9riodes d&rsquo;abonnement partielles<\/p><\/li><li data-start=\"2291\" data-end=\"2306\"><p data-start=\"2293\" data-end=\"2306\">Temps inutilis\u00e9<\/p><\/li><li data-start=\"2307\" data-end=\"2334\"><p data-start=\"2309\" data-end=\"2334\">Annulations oubli\u00e9es<\/p><\/li><\/ul><p data-start=\"2336\" data-end=\"2378\">L\u2019annulation emp\u00eache uniquement les frais futurs.<\/p><hr data-start=\"2380\" data-end=\"2383\"><h2 data-start=\"2385\" data-end=\"2432\">6. Droit de r\u00e9tractation de l\u2019UE \u2013 Services num\u00e9riques<\/h2><p data-start=\"2434\" data-end=\"2685\">Conform\u00e9ment \u00e0 l\u2019article&nbsp;16 de la directive&nbsp;2011\/83\/UE, tu consens express\u00e9ment \u00e0 l\u2019ex\u00e9cution imm\u00e9diate du Service num\u00e9rique d\u00e8s l\u2019achat et reconnais que tu perds ton droit de r\u00e9tractation l\u00e9gal une fois que le Service a \u00e9t\u00e9 consult\u00e9 ou utilis\u00e9.<\/p><hr data-start=\"2687\" data-end=\"2690\"><h2 data-start=\"2692\" data-end=\"2710\">7. Annulation<\/h2><p data-start=\"2712\" data-end=\"2757\">Tu peux annuler ton abonnement \u00e0 tout moment&nbsp;:<\/p><ul data-start=\"2759\" data-end=\"2836\"><li data-start=\"2759\" data-end=\"2794\"><p data-start=\"2761\" data-end=\"2794\">Via ton tableau de bord utilisateur, ou<\/p><\/li><li data-start=\"2795\" data-end=\"2836\"><p data-start=\"2797\" data-end=\"2836\">En nous contactant \u00e0 l\u2019adresse <strong data-start=\"2817\" data-end=\"2836\"><a class=\"decorated-link cursor-pointer\" rel=\"noopener\" data-start=\"2819\" data-end=\"2834\">info@convert24.co<\/a><\/strong><\/p><\/li><\/ul><p data-start=\"2838\" data-end=\"2909\">L\u2019annulation prendra effet \u00e0 la fin de la p\u00e9riode de facturation en cours.<\/p><p data-start=\"2911\" data-end=\"2965\">Tu conserveras l\u2019acc\u00e8s au Service jusqu\u2019\u00e0 cette date.<\/p><hr data-start=\"2967\" data-end=\"2970\"><h2 data-start=\"2972\" data-end=\"3000\">8. Absence d\u2019obligation de rappel<\/h2><p data-start=\"3002\" data-end=\"3116\">Nous ne sommes pas tenus de fournir des rappels avant la fin de la p\u00e9riode d\u2019essai ou avant le renouvellement de l\u2019abonnement.<\/p><p data-start=\"3118\" data-end=\"3172\">Il est de ta responsabilit\u00e9 de g\u00e9rer ton abonnement.<\/p><hr data-start=\"3174\" data-end=\"3177\"><h2 data-start=\"3179\" data-end=\"3200\">9. Politique d\u2019utilisation \u00e9quitable<\/h2><p data-start=\"3202\" data-end=\"3256\">L\u2019utilisation illimit\u00e9e est soumise \u00e0 une utilisation \u00e9quitable et raisonnable.<\/p><p data-start=\"3258\" data-end=\"3393\">Nous nous r\u00e9servons le droit de limiter, de restreindre ou de suspendre les comptes qui d\u00e9passent les sch\u00e9mas d\u2019utilisation normaux ou qui ont un impact n\u00e9gatif sur les performances du syst\u00e8me.<\/p><hr data-start=\"3395\" data-end=\"3398\"><h2 data-start=\"3400\" data-end=\"3429\">10. D\u00e9pendance \u00e0 l\u2019\u00e9gard de tiers<\/h2><p data-start=\"3431\" data-end=\"3505\">Le Service s\u2019appuie sur des fournisseurs techniques tiers pour le traitement des fichiers.<\/p><p data-start=\"3507\" data-end=\"3666\">Nous ne garantissons pas le fonctionnement ininterrompu ou sans erreur du Service et ne sommes pas responsables des temps d\u2019arr\u00eat ou des probl\u00e8mes techniques caus\u00e9s par des fournisseurs externes.<\/p><hr data-start=\"3668\" data-end=\"3671\"><h2 data-start=\"3673\" data-end=\"3706\">11. Suspension et r\u00e9siliation<\/h2><p data-start=\"3708\" data-end=\"3800\">Nous nous r\u00e9servons le droit de suspendre ou de r\u00e9silier tout abonnement, sans remboursement, si nous d\u00e9tectons&nbsp;:<\/p><ul data-start=\"3802\" data-end=\"3904\"><li data-start=\"3802\" data-end=\"3826\"><p data-start=\"3804\" data-end=\"3826\">Une utilisation abusive du Service<\/p><\/li><li data-start=\"3827\" data-end=\"3850\"><p data-start=\"3829\" data-end=\"3850\">Une activit\u00e9 frauduleuse<\/p><\/li><li data-start=\"3851\" data-end=\"3877\"><p data-start=\"3853\" data-end=\"3877\">Une violation de nos conditions<\/p><\/li><li data-start=\"3878\" data-end=\"3904\"><p data-start=\"3880\" data-end=\"3904\">Une utilisation ill\u00e9gale ou nuisible<\/p><\/li><\/ul><hr data-start=\"3906\" data-end=\"3909\"><h2 data-start=\"3911\" data-end=\"3929\">12. R\u00e9trofacturations<\/h2><p data-start=\"3931\" data-end=\"4050\">L\u2019ouverture d\u2019une r\u00e9trofacturation sans avoir pr\u00e9alablement contact\u00e9 notre assistance client constitue une violation des pr\u00e9sentes conditions d\u2019abonnement.<\/p><p data-start=\"4052\" data-end=\"4165\">Nous nous r\u00e9servons le droit de suspendre ton compte et de recouvrer tous les frais de r\u00e9trofacturation et les co\u00fbts administratifs associ\u00e9s.<\/p><hr data-start=\"4167\" data-end=\"4170\"><h2 data-start=\"4172\" data-end=\"4220\">13. Modifications des conditions d\u2019abonnement et de la tarification<\/h2><p data-start=\"4222\" data-end=\"4289\">Nous pouvons modifier les plans d\u2019abonnement, les fonctionnalit\u00e9s ou la tarification \u00e0 tout moment.<\/p><p data-start=\"4291\" data-end=\"4399\">Les modifications s\u2019appliqueront uniquement aux p\u00e9riodes de facturation futures et seront communiqu\u00e9es \u00e0 l\u2019avance lorsque la loi l\u2019exige.<\/p>\t\t\t\t\t\t\t\t<\/div>\n\t\t\t\t\t<\/div>\n\t\t\t\t<\/div>\n\t\t\t\t<\/div>\n\t\t","protected":false},"excerpt":{"rendered":"<p>Derni\u00e8re mise \u00e0 jour : 2026 Ces conditions d\u2019abonnement r\u00e9gissent tous les abonnements payants et l\u2019acc\u00e8s d\u2019essai aux services fournis [&hellip;]<\/p>\n","protected":false},"author":1,"featured_media":0,"parent":0,"menu_order":0,"comment_status":"closed","ping_status":"closed","template":"","meta":{"site-sidebar-layout":"default","site-content-layout":"","ast-site-content-layout":"default","site-content-style":"default","site-sidebar-style":"default","ast-global-header-display":"","ast-banner-title-visibility":"","ast-main-header-display":"","ast-hfb-above-header-display":"","ast-hfb-below-header-display":"","ast-hfb-mobile-header-display":"","site-post-title":"","ast-breadcrumbs-content":"","ast-featured-img":"","footer-sml-layout":"","ast-disable-related-posts":"","theme-transparent-header-meta":"","adv-header-id-meta":"","stick-header-meta":"","header-above-stick-meta":"","header-main-stick-meta":"","header-below-stick-meta":"","astra-migrate-meta-layouts":"default","ast-page-background-enabled":"default","ast-page-background-meta":{"desktop":{"background-color":"var(--ast-global-color-5)","background-image":"","background-repeat":"repeat","background-position":"center center","background-size":"auto","background-attachment":"scroll","background-type":"","background-media":"","overlay-type":"","overlay-color":"","overlay-opacity":"","overlay-gradient":""},"tablet":{"background-color":"","background-image":"","background-repeat":"repeat","background-position":"center center","background-size":"auto","background-attachment":"scroll","background-type":"","background-media":"","overlay-type":"","overlay-color":"","overlay-opacity":"","overlay-gradient":""},"mobile":{"background-color":"","background-image":"","background-repeat":"repeat","background-position":"center center","background-size":"auto","background-attachment":"scroll","background-type":"","background-media":"","overlay-type":"","overlay-color":"","overlay-opacity":"","overlay-gradient":""}},"ast-content-background-meta":{"desktop":{"background-color":"var(--ast-global-color-4)","background-image":"","background-repeat":"repeat","background-position":"center center","background-size":"auto","background-attachment":"scroll","background-type":"","background-media":"","overlay-type":"","overlay-color":"","overlay-opacity":"","overlay-gradient":""},"tablet":{"background-color":"var(--ast-global-color-4)","background-image":"","background-repeat":"repeat","background-position":"center center","background-size":"auto","background-attachment":"scroll","background-type":"","background-media":"","overlay-type":"","overlay-color":"","overlay-opacity":"","overlay-gradient":""},"mobile":{"background-color":"var(--ast-global-color-4)","background-image":"","background-repeat":"repeat","background-position":"center center","background-size":"auto","background-attachment":"scroll","background-type":"","background-media":"","overlay-type":"","overlay-color":"","overlay-opacity":"","overlay-gradient":""}},"footnotes":""},"class_list":["post-678","page","type-page","status-publish","hentry"],"yoast_head":"<!-- This site is optimized with the Yoast SEO plugin v27.2 - https:\/\/yoast.com\/product\/yoast-seo-wordpress\/ -->\n<title>Conditions d\u2019abonnement -<\/title>\n<meta name=\"robots\" content=\"index, follow, max-snippet:-1, max-image-preview:large, max-video-preview:-1\" \/>\n<link rel=\"canonical\" href=\"https:\/\/convert24.co\/fr\/terms_of_subscription\/\" \/>\n<meta property=\"og:locale\" content=\"fr_FR\" \/>\n<meta property=\"og:type\" content=\"article\" \/>\n<meta property=\"og:title\" content=\"Conditions d\u2019abonnement -\" \/>\n<meta property=\"og:description\" content=\"Derni\u00e8re mise \u00e0 jour : 2026 Ces conditions d\u2019abonnement r\u00e9gissent tous les abonnements payants et l\u2019acc\u00e8s d\u2019essai aux services fournis [&hellip;]\" \/>\n<meta property=\"og:url\" content=\"https:\/\/convert24.co\/fr\/terms_of_subscription\/\" \/>\n<meta property=\"article:modified_time\" content=\"2026-03-11T16:27:33+00:00\" \/>\n<meta name=\"twitter:card\" content=\"summary_large_image\" \/>\n<meta name=\"twitter:label1\" content=\"Dur\u00e9e de lecture estim\u00e9e\" \/>\n\t<meta name=\"twitter:data1\" content=\"4 minutes\" \/>\n<script type=\"application\/ld+json\" class=\"yoast-schema-graph\">{\"@context\":\"https:\/\/schema.org\",\"@graph\":[{\"@type\":\"WebPage\",\"@id\":\"https:\/\/convert24.co\/fr\/terms_of_subscription\/\",\"url\":\"https:\/\/convert24.co\/fr\/terms_of_subscription\/\",\"name\":\"Conditions d\u2019abonnement -\",\"isPartOf\":{\"@id\":\"https:\/\/convert24.co\/fr\/#website\"},\"datePublished\":\"2026-01-26T16:49:12+00:00\",\"dateModified\":\"2026-03-11T16:27:33+00:00\",\"breadcrumb\":{\"@id\":\"https:\/\/convert24.co\/fr\/terms_of_subscription\/#breadcrumb\"},\"inLanguage\":\"fr-FR\",\"potentialAction\":[{\"@type\":\"ReadAction\",\"target\":[\"https:\/\/convert24.co\/fr\/terms_of_subscription\/\"]}]},{\"@type\":\"BreadcrumbList\",\"@id\":\"https:\/\/convert24.co\/fr\/terms_of_subscription\/#breadcrumb\",\"itemListElement\":[{\"@type\":\"ListItem\",\"position\":1,\"name\":\"Home\",\"item\":\"https:\/\/convert24.co\/fr\/pdf-convertor\/\"},{\"@type\":\"ListItem\",\"position\":2,\"name\":\"Conditions d\u2019abonnement\"}]},{\"@type\":\"WebSite\",\"@id\":\"https:\/\/convert24.co\/fr\/#website\",\"url\":\"https:\/\/convert24.co\/fr\/\",\"name\":\"Convert24\",\"description\":\"\",\"publisher\":{\"@id\":\"https:\/\/convert24.co\/fr\/#organization\"},\"alternateName\":\"convert24\",\"potentialAction\":[{\"@type\":\"SearchAction\",\"target\":{\"@type\":\"EntryPoint\",\"urlTemplate\":\"https:\/\/convert24.co\/fr\/?s={search_term_string}\"},\"query-input\":{\"@type\":\"PropertyValueSpecification\",\"valueRequired\":true,\"valueName\":\"search_term_string\"}}],\"inLanguage\":\"fr-FR\"},{\"@type\":\"Organization\",\"@id\":\"https:\/\/convert24.co\/fr\/#organization\",\"name\":\"Digital24 LTD\",\"alternateName\":\"Digital24 LTD\",\"url\":\"https:\/\/convert24.co\/fr\/\",\"logo\":{\"@type\":\"ImageObject\",\"inLanguage\":\"fr-FR\",\"@id\":\"https:\/\/convert24.co\/fr\/#\/schema\/logo\/image\/\",\"url\":\"https:\/\/convert24.co\/wp-content\/uploads\/2026\/01\/CONVERT24-logo.avif\",\"contentUrl\":\"https:\/\/convert24.co\/wp-content\/uploads\/2026\/01\/CONVERT24-logo.avif\",\"width\":512,\"height\":199,\"caption\":\"Digital24 LTD\"},\"image\":{\"@id\":\"https:\/\/convert24.co\/fr\/#\/schema\/logo\/image\/\"}}]}<\/script>\n<!-- \/ Yoast SEO plugin. -->","yoast_head_json":{"title":"Conditions d\u2019abonnement -","robots":{"index":"index","follow":"follow","max-snippet":"max-snippet:-1","max-image-preview":"max-image-preview:large","max-video-preview":"max-video-preview:-1"},"canonical":"https:\/\/convert24.co\/fr\/terms_of_subscription\/","og_locale":"fr_FR","og_type":"article","og_title":"Conditions d\u2019abonnement -","og_description":"Derni\u00e8re mise \u00e0 jour : 2026 Ces conditions d\u2019abonnement r\u00e9gissent tous les abonnements payants et l\u2019acc\u00e8s d\u2019essai aux services fournis [&hellip;]","og_url":"https:\/\/convert24.co\/fr\/terms_of_subscription\/","article_modified_time":"2026-03-11T16:27:33+00:00","twitter_card":"summary_large_image","twitter_misc":{"Dur\u00e9e de lecture estim\u00e9e":"4 minutes"},"schema":{"@context":"https:\/\/schema.org","@graph":[{"@type":"WebPage","@id":"https:\/\/convert24.co\/fr\/terms_of_subscription\/","url":"https:\/\/convert24.co\/fr\/terms_of_subscription\/","name":"Conditions d\u2019abonnement -","isPartOf":{"@id":"https:\/\/convert24.co\/fr\/#website"},"datePublished":"2026-01-26T16:49:12+00:00","dateModified":"2026-03-11T16:27:33+00:00","breadcrumb":{"@id":"https:\/\/convert24.co\/fr\/terms_of_subscription\/#breadcrumb"},"inLanguage":"fr-FR","potentialAction":[{"@type":"ReadAction","target":["https:\/\/convert24.co\/fr\/terms_of_subscription\/"]}]},{"@type":"BreadcrumbList","@id":"https:\/\/convert24.co\/fr\/terms_of_subscription\/#breadcrumb","itemListElement":[{"@type":"ListItem","position":1,"name":"Home","item":"https:\/\/convert24.co\/fr\/pdf-convertor\/"},{"@type":"ListItem","position":2,"name":"Conditions d\u2019abonnement"}]},{"@type":"WebSite","@id":"https:\/\/convert24.co\/fr\/#website","url":"https:\/\/convert24.co\/fr\/","name":"Convert24","description":"","publisher":{"@id":"https:\/\/convert24.co\/fr\/#organization"},"alternateName":"convert24","potentialAction":[{"@type":"SearchAction","target":{"@type":"EntryPoint","urlTemplate":"https:\/\/convert24.co\/fr\/?s={search_term_string}"},"query-input":{"@type":"PropertyValueSpecification","valueRequired":true,"valueName":"search_term_string"}}],"inLanguage":"fr-FR"},{"@type":"Organization","@id":"https:\/\/convert24.co\/fr\/#organization","name":"Digital24 LTD","alternateName":"Digital24 LTD","url":"https:\/\/convert24.co\/fr\/","logo":{"@type":"ImageObject","inLanguage":"fr-FR","@id":"https:\/\/convert24.co\/fr\/#\/schema\/logo\/image\/","url":"https:\/\/convert24.co\/wp-content\/uploads\/2026\/01\/CONVERT24-logo.avif","contentUrl":"https:\/\/convert24.co\/wp-content\/uploads\/2026\/01\/CONVERT24-logo.avif","width":512,"height":199,"caption":"Digital24 LTD"},"image":{"@id":"https:\/\/convert24.co\/fr\/#\/schema\/logo\/image\/"}}]}},"_links":{"self":[{"href":"https:\/\/convert24.co\/fr\/wp-json\/wp\/v2\/pages\/678","targetHints":{"allow":["GET"]}}],"collection":[{"href":"https:\/\/convert24.co\/fr\/wp-json\/wp\/v2\/pages"}],"about":[{"href":"https:\/\/convert24.co\/fr\/wp-json\/wp\/v2\/types\/page"}],"author":[{"embeddable":true,"href":"https:\/\/convert24.co\/fr\/wp-json\/wp\/v2\/users\/1"}],"replies":[{"embeddable":true,"href":"https:\/\/convert24.co\/fr\/wp-json\/wp\/v2\/comments?post=678"}],"version-history":[{"count":1,"href":"https:\/\/convert24.co\/fr\/wp-json\/wp\/v2\/pages\/678\/revisions"}],"predecessor-version":[{"id":679,"href":"https:\/\/convert24.co\/fr\/wp-json\/wp\/v2\/pages\/678\/revisions\/679"}],"wp:attachment":[{"href":"https:\/\/convert24.co\/fr\/wp-json\/wp\/v2\/media?parent=678"}],"curies":[{"name":"wp","href":"https:\/\/api.w.org\/{rel}","templated":true}]}}